{"id":86,"date":"2021-02-13T14:19:54","date_gmt":"2021-02-13T14:19:54","guid":{"rendered":"http:\/\/wp.theblackbox.de\/?page_id=86"},"modified":"2024-05-25T15:40:23","modified_gmt":"2024-05-25T15:40:23","slug":"home","status":"publish","type":"page","link":"https:\/\/theblackbox.de\/","title":{"rendered":""},"content":{"rendered":"\n<p class=\"has-text-align-center\">Sie suchen die passende Band f\u00fcr ihre Festlichkeit, dann sind sie hier goldrichtig.<\/p>\n\n\n\n<p class=\"has-text-align-center\">Egal ob Stadt-\/Dorf-\/Marktfest, Musiknacht, Geburtstagsfeier, Vereinsjubil\u00e4um, Hochzeit oder was man sonst noch mit musikalischer Untermalung feiern kann, wir geben unser Bestes und versuchen daraus auch ein Fest f\u00fcr die Ohren zu machen.<\/p>\n\n\n\n<p class=\"has-text-align-center\">&#8218;The Blackbox&#8216; spielt quer Beet Songs ab den 50ern bis heute. Ein Schwerpunkt liegt aber auf jeden Fall beim Rock&#8217;n&#8217;Roll und Beat der 50er und 60er Jahre. Wir lassen die gute alte Zeit musikalisch wieder aufleben und halten diese lebendig.<\/p>\n\n\n<div class=\"wp-block-image\">\n<figure class=\"aligncenter size-full\"><img fetchpriority=\"high\" decoding=\"async\" width=\"463\" height=\"431\" src=\"http:\/\/wp.theblackbox.de\/wp-content\/uploads\/2024\/05\/band.jpg\" alt=\"\" class=\"wp-image-168\" srcset=\"https:\/\/theblackbox.de\/wp-content\/uploads\/2024\/05\/band.jpg 463w, https:\/\/theblackbox.de\/wp-content\/uploads\/2024\/05\/band-300x279.jpg 300w\" sizes=\"(max-width: 463px) 100vw, 463px\" \/><\/figure><\/div>\n\n\n<p class=\"has-text-align-center\">Die Liebe zur Musik und solides Musiker-Handwerk machen ihre Festlichkeit zu einem unvergesslichen Happening. Bei uns kommt nichts von CD oder etwaigen anderen Playback-Ger\u00e4ten. Bei &#8218;The Blackbox&#8216; ist alles echt.<\/p>\n\n\n\n<p class=\"has-text-align-center\">Wir w\u00fcrden uns freuen f\u00fcr sie Musik machen zu d\u00fcrfen!<\/p>\n\n\n\n<p><\/p>\n","protected":false},"excerpt":{"rendered":"<p>Sie suchen die passende Band f\u00fcr ihre Festlichkeit, dann sind sie hier goldrichtig. Egal ob Stadt-\/Dorf-\/Marktfest, Musiknacht, Geburtstagsfeier, Vereinsjubil\u00e4um, Hochzeit oder was man sonst noch mit musikalischer Untermalung feiern kann, wir geben unser Bestes und versuchen daraus auch ein Fest f\u00fcr die Ohren zu machen. &#8218;The Blackbox&#8216; spielt quer Beet Songs ab den 50ern bis &#8230; <a title=\"\" class=\"read-more\" href=\"https:\/\/theblackbox.de\/\">Read more<span class=\"screen-reader-text\"><\/span><\/a><\/p>\n","protected":false},"author":1,"featured_media":0,"parent":0,"menu_order":0,"comment_status":"closed","ping_status":"closed","template":"","meta":{"footnotes":""},"_links":{"self":[{"href":"https:\/\/theblackbox.de\/index.php?rest_route=\/wp\/v2\/pages\/86"}],"collection":[{"href":"https:\/\/theblackbox.de\/index.php?rest_route=\/wp\/v2\/pages"}],"about":[{"href":"https:\/\/theblackbox.de\/index.php?rest_route=\/wp\/v2\/types\/page"}],"author":[{"embeddable":true,"href":"https:\/\/theblackbox.de\/index.php?rest_route=\/wp\/v2\/users\/1"}],"replies":[{"embeddable":true,"href":"https:\/\/theblackbox.de\/index.php?rest_route=%2Fwp%2Fv2%2Fcomments&post=86"}],"version-history":[{"count":7,"href":"https:\/\/theblackbox.de\/index.php?rest_route=\/wp\/v2\/pages\/86\/revisions"}],"predecessor-version":[{"id":176,"href":"https:\/\/theblackbox.de\/index.php?rest_route=\/wp\/v2\/pages\/86\/revisions\/176"}],"wp:attachment":[{"href":"https:\/\/theblackbox.de\/index.php?rest_route=%2Fwp%2Fv2%2Fmedia&parent=86"}],"curies":[{"name":"wp","href":"https:\/\/api.w.org\/{rel}","templated":true}]}}